{"id":922,"date":"2024-02-27T08:33:54","date_gmt":"2024-02-27T11:33:54","guid":{"rendered":"https:\/\/catalogowoo.cirius.dev.br\/?page_id=922"},"modified":"2026-03-03T14:38:08","modified_gmt":"2026-03-03T17:38:08","slug":"politica-de-entrega","status":"publish","type":"page","link":"https:\/\/jjcomputer1.com\/catalogo\/politica-de-entrega\/","title":{"rendered":"Pol\u00edtica de Entrega"},"content":{"rendered":"<style>.elementor-922 .elementor-element.elementor-element-7c513b5{--display:flex;--flex-direction:row;--container-widget-width:calc( ( 1 - var( --container-widget-flex-grow ) ) * 100% );--container-widget-height:100%;--container-widget-flex-grow:1;--container-widget-align-self:stretch;--flex-wrap-mobile:wrap;--align-items:stretch;--gap:10px 10px;--row-gap:10px;--column-gap:10px;--overlay-opacity:1;--padding-top:125px;--padding-bottom:125px;--padding-left:0px;--padding-right:0px;}.elementor-922 .elementor-element.elementor-element-7c513b5:not(.elementor-motion-effects-element-type-background), .elementor-922 .elementor-element.elementor-element-7c513b5 > .elementor-motion-effects-container > .elementor-motion-effects-layer{background-image:url(\"https:\/\/jjcomputer1.com\/catalogo\/wp-content\/uploads\/2025\/09\/besserdruck-background-1.webp\");background-position:center center;background-size:cover;}.elementor-922 .elementor-element.elementor-element-7c513b5::before, .elementor-922 .elementor-element.elementor-element-7c513b5 > .elementor-background-video-container::before, .elementor-922 .elementor-element.elementor-element-7c513b5 > .e-con-inner > .elementor-background-video-container::before, .elementor-922 .elementor-element.elementor-element-7c513b5 > .elementor-background-slideshow::before, .elementor-922 .elementor-element.elementor-element-7c513b5 > .e-con-inner > .elementor-background-slideshow::before, .elementor-922 .elementor-element.elementor-element-7c513b5 > .elementor-motion-effects-container > .elementor-motion-effects-layer::before{--background-overlay:'';background-color:transparent;background-image:linear-gradient(160deg, var( --e-global-color-841fd4d ) 0%, var( --e-global-color-faf5d15 ) 68%);}.elementor-922 .elementor-element.elementor-element-de71da7{--display:flex;--margin-top:0px;--margin-bottom:0px;--margin-left:0px;--margin-right:0px;--padding-top:0px;--padding-bottom:0px;--padding-left:0px;--padding-right:0px;}.elementor-922 .elementor-element.elementor-element-0c19711{text-align:center;}.elementor-922 .elementor-element.elementor-element-0c19711 .elementor-heading-title{font-size:4rem;font-weight:500;text-transform:none;line-height:1em;color:var( --e-global-color-e64be90 );}.elementor-922 .elementor-element.elementor-element-6c2cdd5b{--display:flex;--flex-direction:column;--container-widget-width:100%;--container-widget-height:initial;--container-widget-flex-grow:0;--container-widget-align-self:initial;--flex-wrap-mobile:wrap;--padding-top:50px;--padding-bottom:50px;--padding-left:0px;--padding-right:0px;}:root{--page-title-display:none;}@media(max-width:1024px){.elementor-922 .elementor-element.elementor-element-7c513b5{--padding-top:100px;--padding-bottom:100px;--padding-left:30px;--padding-right:30px;}.elementor-922 .elementor-element.elementor-element-0c19711 .elementor-heading-title{font-size:4rem;}.elementor-922 .elementor-element.elementor-element-6c2cdd5b{--margin-top:0px;--margin-bottom:0px;--margin-left:0px;--margin-right:0px;--padding-top:50px;--padding-bottom:50px;--padding-left:20px;--padding-right:20px;}}@media(max-width:767px){.elementor-922 .elementor-element.elementor-element-7c513b5{--padding-top:50px;--padding-bottom:50px;--padding-left:10px;--padding-right:10px;}.elementor-922 .elementor-element.elementor-element-0c19711{text-align:center;}.elementor-922 .elementor-element.elementor-element-0c19711 .elementor-heading-title{font-size:3rem;}}<\/style>\t\t<div data-elementor-type=\"wp-page\" data-elementor-id=\"922\" class=\"elementor elementor-922\" data-elementor-post-type=\"page\">\n\t\t\t\t<div class=\"elementor-element elementor-element-7c513b5 e-flex e-con-boxed wpr-particle-no wpr-jarallax-no wpr-parallax-no wpr-sticky-section-no e-con e-parent\" data-id=\"7c513b5\" data-element_type=\"container\" data-e-type=\"container\" data-settings=\"{&quot;background_background&quot;:&quot;classic&quot;}\">\n\t\t\t\t\t<div class=\"e-con-inner\">\n\t\t<div class=\"elementor-element elementor-element-de71da7 e-con-full e-flex wpr-particle-no wpr-jarallax-no wpr-parallax-no wpr-sticky-section-no e-con e-child\" data-id=\"de71da7\" data-element_type=\"container\" data-e-type=\"container\">\n\t\t\t\t<div class=\"elementor-element elementor-element-0c19711 elementor-widget elementor-widget-heading\" data-id=\"0c19711\" data-element_type=\"widget\" data-e-type=\"widget\" data-widget_type=\"heading.default\">\n\t\t\t\t<div class=\"elementor-widget-container\">\n\t\t\t\t\t<h1 class=\"elementor-heading-title elementor-size-default\">Pol\u00edtica de Entrega<\/h1>\t\t\t\t<\/div>\n\t\t\t\t<\/div>\n\t\t\t\t<\/div>\n\t\t\t\t\t<\/div>\n\t\t\t\t<\/div>\n\t\t<div class=\"elementor-element elementor-element-6c2cdd5b e-flex e-con-boxed wpr-particle-no wpr-jarallax-no wpr-parallax-no wpr-sticky-section-no e-con e-parent\" data-id=\"6c2cdd5b\" data-element_type=\"container\" data-e-type=\"container\">\n\t\t\t\t\t<div class=\"e-con-inner\">\n\t\t\t\t<div class=\"elementor-element elementor-element-5dd17be4 elementor-widget elementor-widget-text-editor\" data-id=\"5dd17be4\" data-element_type=\"widget\" data-e-type=\"widget\" data-widget_type=\"text-editor.default\">\n\t\t\t\t<div class=\"elementor-widget-container\">\n\t\t\t\t\t\t\t\t\t\n<p>O que \u00e9 pol\u00edtica de frete e entrega?<br \/>A pol\u00edtica de entrega \u00e9 um documento valioso para o seu neg\u00f3cio, documento esse que ser\u00e1 atualizado e alterado conforme as opera\u00e7\u00f5es e as circunst\u00e2ncias mudem \u2013 especialmente quando problemas imprevis\u00edveis for\u00e7arem voc\u00ea a se adaptar.<\/p>\n\n<p>Uma pol\u00edtica de frete bem organizada n\u00e3o s\u00f3 estabelece expectativas realistas sobre custos e prazos de envio de pedidos como tamb\u00e9m vira um recurso que pode ser usado toda vez que um cliente apresentar questionamentos em rela\u00e7\u00e3o ao seu pedido.<\/p>\n\n<p>N\u00e3o importa se voc\u00ea est\u00e1 criando uma pol\u00edtica de frete do zero ou atualizando sua pol\u00edtica atual para diminuir as solicita\u00e7\u00f5es de clientes e desafogar seus canais de atendimento. Disponibilizamos este recurso para ajudar voc\u00ea a cobrir esse aspecto t\u00e3o importante e comunicar os detalhes certos, com um modelo para voc\u00ea se inspirar em bons exemplos.<\/p>\n\t\t\t\t\t\t\t\t<\/div>\n\t\t\t\t<\/div>\n\t\t\t\t\t<\/div>\n\t\t\t\t<\/div>\n\t\t\t\t<\/div>\n\t\t","protected":false},"excerpt":{"rendered":"<p>Pol\u00edtica de Entrega O que \u00e9 pol\u00edtica de frete e entrega?A pol\u00edtica de entrega \u00e9 um documento valioso para o seu neg\u00f3cio, documento esse que ser\u00e1 atualizado e alterado conforme as opera\u00e7\u00f5es e as circunst\u00e2ncias mudem \u2013 especialmente quando problemas imprevis\u00edveis for\u00e7arem voc\u00ea a se adaptar. Uma pol\u00edtica de frete bem organizada n\u00e3o s\u00f3 estabelece expectativas realistas sobre custos e prazos de envio de pedidos como tamb\u00e9m vira um recurso que pode ser usado toda vez que um cliente apresentar questionamentos em rela\u00e7\u00e3o ao seu pedido. N\u00e3o importa se voc\u00ea est\u00e1 criando uma pol\u00edtica de frete do zero ou atualizando sua pol\u00edtica atual para diminuir as solicita\u00e7\u00f5es de clientes e desafogar seus canais de atendimento. Disponibilizamos este recurso para ajudar voc\u00ea a cobrir esse aspecto t\u00e3o importante e comunicar os detalhes certos, com um modelo para voc\u00ea se inspirar em bons exemplos.<\/p>\n","protected":false},"author":9,"featured_media":0,"parent":0,"menu_order":0,"comment_status":"closed","ping_status":"closed","template":"elementor_header_footer","meta":{"footnotes":""},"class_list":["post-922","page","type-page","status-publish","hentry"],"blocksy_meta":[],"_links":{"self":[{"href":"https:\/\/jjcomputer1.com\/catalogo\/wp-json\/wp\/v2\/pages\/922","targetHints":{"allow":["GET"]}}],"collection":[{"href":"https:\/\/jjcomputer1.com\/catalogo\/wp-json\/wp\/v2\/pages"}],"about":[{"href":"https:\/\/jjcomputer1.com\/catalogo\/wp-json\/wp\/v2\/types\/page"}],"author":[{"embeddable":true,"href":"https:\/\/jjcomputer1.com\/catalogo\/wp-json\/wp\/v2\/users\/9"}],"replies":[{"embeddable":true,"href":"https:\/\/jjcomputer1.com\/catalogo\/wp-json\/wp\/v2\/comments?post=922"}],"version-history":[{"count":15,"href":"https:\/\/jjcomputer1.com\/catalogo\/wp-json\/wp\/v2\/pages\/922\/revisions"}],"predecessor-version":[{"id":4756,"href":"https:\/\/jjcomputer1.com\/catalogo\/wp-json\/wp\/v2\/pages\/922\/revisions\/4756"}],"wp:attachment":[{"href":"https:\/\/jjcomputer1.com\/catalogo\/wp-json\/wp\/v2\/media?parent=922"}],"curies":[{"name":"wp","href":"https:\/\/api.w.org\/{rel}","templated":true}]}}